{"id":3044,"date":"2018-11-25T01:48:06","date_gmt":"2018-11-25T00:48:06","guid":{"rendered":"https:\/\/performancequality.pl\/home\/"},"modified":"2024-11-04T14:26:41","modified_gmt":"2024-11-04T13:26:41","slug":"home","status":"publish","type":"page","link":"https:\/\/performancequality.pl\/en\/","title":{"rendered":"Home"},"content":{"rendered":"<section class=\"wpb-content-wrapper\"><p>[vc_row][vc_column ct_column_class=&#8221;rm-padding-md&#8221; css=&#8221;.vc_custom_1730115785076{padding-top: 0px !important;padding-right: 0px !important;}&#8221; offset=&#8221;vc_col-lg-12 vc_col-md-12&#8243;][ct_space space_lg=&#8221;112&#8243; space_md=&#8221;60&#8243; space_sm=&#8221;60&#8243; space_xs=&#8221;60&#8243;][ct_heading text=&#8221;Jeste\u015bmy zaufanymi doradcami w obszarze&#8221; font_size_md=&#8221;36&#8243; font_size_sm=&#8221;32&#8243; font_size_xs=&#8221;32&#8243; font_weight=&#8221;&#8221; subtitle_color=&#8221;#8c6aff&#8221; font_weight_sub=&#8221;&#8221; typingout=&#8221;&#8220;Blokad Liderskich\u00a9&#8220;, &#8220;Psychometrii&#8220;, &#8220;Bezpiecze\u0144stwa Psychologicznego&#8220;, &#8220;Modelu HEXACO&#8220;&#8221;][vc_row_inner][vc_column_inner ct_column_inner_class=&#8221;rm-padding-lg&#8221; css=&#8221;.vc_custom_1539746736177{padding-top: 30px !important;padding-right: 55px !important;}&#8221;][vc_column_text]We are a consulting company that was founded with the aim of providing high-end support to our clients in acquiring and developing individuals with the highest potential at every organisational level. We are pioneers in working with Leadership Derailers (\u201cBlokady Liderskie\u00a9\u201d). We have implemented to the Polish market SOVA\u2019s personality questionnaire based on the HEXACO model, which enables to measure H Factor, helping diagnose such areas as Humbleness, Humility and Authenticity. These behaviours form the foundation of leadership attitudes that create organisational cultures fostering Psychological Safety and allow teams to fully benefit from their potential to innovate.[\/vc_column_text][\/vc_column_inner][\/vc_row_inner][ct_space space_lg=&#8221;90&#8243; space_md=&#8221;30&#8243; space_sm=&#8221;20&#8243; space_xs=&#8221;20&#8243;][\/vc_column][\/vc_row][vc_row full_width=&#8221;stretch_row&#8221; bg_image_position=&#8221;bg-image-ps-center&#8221; css=&#8221;.vc_custom_1543141162711{padding-top: 114px !important;padding-bottom: 114px !important;background-image: url(https:\/\/demo.casethemes.net\/nimmo\/wp-content\/uploads\/2018\/10\/bg-counter2.jpg?id=272) !important;background-position: center !important;background-repeat: no-repeat !important;background-size: cover !important;}&#8221;][vc_column css=&#8221;.vc_custom_1678388364610{padding-top: 0px !important;}&#8221; offset=&#8221;vc_col-lg-12 vc_col-md-12&#8243;][vc_row_inner][vc_column_inner ct_column_inner_class=&#8221;rm-padding-lg&#8221; css=&#8221;.vc_custom_1539792949815{padding-top: 0px !important;padding-right: 80px !important;}&#8221;][ct_heading text=&#8221;<cite>Liczby<\/cite>m\u00f3wi\u0105 za nas:&#8221; font_size_md=&#8221;36&#8243; font_size_sm=&#8221;32&#8243; font_size_xs=&#8221;32&#8243; font_weight=&#8221;&#8221; font_weight_sub=&#8221;&#8221;][\/vc_column_inner][\/vc_row_inner][vc_row_inner][vc_column_inner width=&#8221;1\/5&#8243; css=&#8221;.vc_custom_1685100532881{padding-top: 34px !important;}&#8221; animation_column=&#8221;fadeInRight&#8221; offset=&#8221;vc_col-xs-6&#8243;][ct_counter layout=&#8221;layout2&#8243; font_weight_title=&#8221;&#8221; font_weight_digit=&#8221;&#8221; icon_type=&#8221;image&#8221; icon_image=&#8221;2505&#8243; title=&#8221;Happy clients&#8221; digit=&#8221;250&#8243; suffix=&#8221;+&#8221;][\/vc_column_inner][vc_column_inner width=&#8221;1\/5&#8243; css=&#8221;.vc_custom_1685100538584{padding-top: 34px !important;}&#8221; animation_column=&#8221;fadeInRight&#8221; offset=&#8221;vc_col-xs-6&#8243;][ct_counter layout=&#8221;layout2&#8243; font_weight_title=&#8221;&#8221; font_weight_digit=&#8221;&#8221; icon_type=&#8221;image&#8221; icon_image=&#8221;2508&#8243; title=&#8221;Feedback sessions&#8221; digit=&#8221;1500&#8243; suffix=&#8221;+&#8221;][\/vc_column_inner][vc_column_inner width=&#8221;1\/5&#8243; css=&#8221;.vc_custom_1685100545312{padding-top: 34px !important;}&#8221; animation_column=&#8221;fadeInRight&#8221; offset=&#8221;vc_col-xs-6&#8243;][ct_counter layout=&#8221;layout2&#8243; font_weight_title=&#8221;&#8221; font_weight_digit=&#8221;&#8221; icon_type=&#8221;image&#8221; icon_image=&#8221;2503&#8243; title=&#8221;Certification attendees&#8221; digit=&#8221;600&#8243; suffix=&#8221;+&#8221;][\/vc_column_inner][vc_column_inner width=&#8221;1\/5&#8243; css=&#8221;.vc_custom_1685100552199{padding-top: 34px !important;}&#8221; animation_column=&#8221;fadeInRight&#8221; offset=&#8221;vc_col-xs-6&#8243;][ct_counter layout=&#8221;layout2&#8243; font_weight_title=&#8221;&#8221; font_weight_digit=&#8221;&#8221; icon_type=&#8221;image&#8221; icon_image=&#8221;2506&#8243; title=&#8221;Psychometric tools implementation&#8221; digit=&#8221;100&#8243; suffix=&#8221;+&#8221;][\/vc_column_inner][vc_column_inner width=&#8221;1\/5&#8243; css=&#8221;.vc_custom_1685100557624{padding-top: 34px !important;}&#8221; animation_column=&#8221;fadeInRight&#8221; offset=&#8221;vc_col-xs-6&#8243;][ct_counter layout=&#8221;layout2&#8243; font_weight_title=&#8221;&#8221; font_weight_digit=&#8221;&#8221; icon_type=&#8221;image&#8221; icon_image=&#8221;2504&#8243; title=&#8221;Quality&#8221; digit=&#8221;1&#8243;][\/vc_column_inner][\/vc_row_inner][\/vc_column][\/vc_row][vc_row el_id=&#8221;services&#8221;][vc_column css=&#8221;.vc_custom_1541610546387{padding-top: 94px !important;}&#8221;][vc_row_inner][vc_column_inner width=&#8221;1\/4&#8243;][\/vc_column_inner][vc_column_inner width=&#8221;1\/2&#8243; ct_column_inner_class=&#8221;rm-padding-lg&#8221; css=&#8221;.vc_custom_1540440548838{padding-top: 0px !important;padding-right: 0px !important;padding-left: 0px !important;}&#8221; offset=&#8221;vc_col-lg-6 vc_col-md-6&#8243;][ct_heading text=&#8221;Grow your organisation with our unique<cite>expertise<\/cite>&#8221; text_below=&#8221;Us\u0142ugi&#8221; align_lg=&#8221;align-center&#8221; align_md=&#8221;align-center-md&#8221; align_sm=&#8221;align-center-sm&#8221; align_xs=&#8221;align-center-xs&#8221; font_size_md=&#8221;36&#8243; font_size_sm=&#8221;32&#8243; font_size_xs=&#8221;32&#8243; font_weight=&#8221;&#8221; show_gap=&#8221;hide&#8221; font_weight_sub=&#8221;&#8221;][\/vc_column_inner][vc_column_inner width=&#8221;1\/4&#8243;][\/vc_column_inner][\/vc_row_inner][vc_empty_space height=&#8221;36&#8243;][vc_row_inner][vc_column_inner width=&#8221;1\/2&#8243; css=&#8221;.vc_custom_1541254317999{padding-top: 30px !important;}&#8221; offset=&#8221;vc_col-lg-3 vc_col-md-6&#8243; animation_column=&#8221;fadeInUp&#8221;][ct_fancybox box_image=&#8221;2392&#8243; item_link=&#8221;url:%2Fuslugi%2Focena-i-rozwoj-liderow%2F|title:Ocena%20lider%C3%B3w&#8221; icon_list=&#8221;flaticon&#8221; title=&#8221;Ocena i rozw\u00f3j lider\u00f3w&#8221; description=&#8221;Zapytaj eksperta! Nie ryzykuj Blokad! Wybieraj m\u0105drze!<br \/>\nNajwi\u0119ksze na polskim rynku do\u015bwiadczenie w diagnozowaniu Blokad Liderskich\u00a9&#8221; icon_flaticon=&#8221;flaticon-layers&#8221;][\/vc_column_inner][vc_column_inner width=&#8221;1\/2&#8243; css=&#8221;.vc_custom_1541254309620{padding-top: 30px !important;}&#8221; offset=&#8221;vc_col-lg-3 vc_col-md-6&#8243; animation_column=&#8221;fadeInUp&#8221;][ct_fancybox box_image=&#8221;2393&#8243; item_link=&#8221;url:%2Fuslugi%2Fwarsztaty-dla-zespolow-zarzadzajacych%2F|title:Warsztaty%20dla%20zespo%C5%82%C3%B3w%20zarz%C4%85dzaj%C4%85cych&#8221; icon_list=&#8221;flaticon&#8221; title=&#8221;Warsztaty dla zespo\u0142\u00f3w zarz\u0105dzaj\u0105cych&#8221; description=&#8221;Buduj kultur\u0119 Bezpiecze\u0144stwa Psychologicznego!<br \/>\nUnikalne po\u0142\u0105czenie wzmacniania samo\u015bwiadomo\u015bci z kszta\u0142towaniem dynamiki grupy&#8221; icon_flaticon=&#8221;flaticon-gear&#8221;][\/vc_column_inner][vc_column_inner width=&#8221;1\/2&#8243; css=&#8221;.vc_custom_1541254288573{padding-top: 30px !important;}&#8221; offset=&#8221;vc_col-lg-3 vc_col-md-6&#8243; animation_column=&#8221;fadeInUp&#8221;][ct_fancybox box_image=&#8221;2394&#8243; item_link=&#8221;url:%2Fuslugi%2Fzarzadzanie-talentami%2F|title:Zarz%C4%85dzanie%20talentami&#8221; icon_list=&#8221;flaticon&#8221; title=&#8221;Zarz\u0105dzanie talentami&#8221; description=&#8221;Dbaj o swoj\u0105 przysz\u0142o\u015b\u0107! Inwestuj w talenty!<br \/>\nNajnowocze\u015bniejsze rozwi\u0105zania do badania DNA potencja\u0142u&#8221; icon_flaticon=&#8221;flaticon-objective&#8221;][\/vc_column_inner][vc_column_inner width=&#8221;1\/2&#8243; css=&#8221;.vc_custom_1541254300073{padding-top: 30px !important;}&#8221; offset=&#8221;vc_col-lg-3 vc_col-md-6&#8243; animation_column=&#8221;fadeInUp&#8221;][ct_fancybox box_image=&#8221;2395&#8243; item_link=&#8221;url:%2Fuslugi%2Fplatforma%2F|title:SOVA%20Assessment&#8221; icon_list=&#8221;flaticon&#8221; title=&#8221;Psychometria&#8221; description=&#8221;Dygitalizuj procesy oceny! Przyci\u0105gaj najlepszych kandydat\u00f3w!<br \/>\nNajszersza w Polsce ekspertyza w zakresie wdra\u017cania rozwi\u0105za\u0144 psychometrycznych&#8221; icon_flaticon=&#8221;flaticon-computer&#8221;][\/vc_column_inner][\/vc_row_inner][\/vc_column][\/vc_row][vc_row full_width=&#8221;stretch_row&#8221; css=&#8221;.vc_custom_1680265065623{padding-top: 114px !important;}&#8221;][vc_column width=&#8221;1\/6&#8243; css=&#8221;.vc_custom_1540480434049{padding-top: 112px !important;}&#8221;][\/vc_column][vc_column width=&#8221;2\/3&#8243;][ct_heading text=&#8221;<cite>O nas<\/cite>&#8221; align_lg=&#8221;align-center&#8221; align_md=&#8221;align-center-md&#8221; align_sm=&#8221;align-center-sm&#8221; align_xs=&#8221;align-center-xs&#8221; font_size_md=&#8221;36&#8243; font_size_sm=&#8221;32&#8243; font_size_xs=&#8221;32&#8243; font_weight=&#8221;&#8221; font_weight_sub=&#8221;&#8221;][vc_empty_space height=&#8221;44px&#8221;][ct_team_grid content_list=&#8221;%5B%7B%22image%22%3A%222713%22%2C%22title%22%3A%22Joanna%20Gli%C5%84ska%22%2C%22position%22%3A%22Partner%22%2C%22item_link%22%3A%22url%3A%252Fo-nas%252F%7Ctitle%3AO%2520nas%22%2C%22social%22%3A%22%255B%257B%2522icon%2522%253A%2522fab%2520fa-linkedin%2522%252C%2522social_link%2522%253A%2522https%253A%252F%252Fwww.linkedin.com%252Fin%252Fjoanna-glinska-6210181%252F%2522%257D%252C%257B%2522icon%2522%253A%2522fas%2520fa-envelope%2522%252C%2522social_link%2522%253A%2522mailto%253A%2520j.glinska%2540performancequality.pl%2520%2520%2522%257D%252C%257B%2522icon%2522%253A%2522fas%2520fa-phone%2522%252C%2522social_link%2522%253A%2522tel%253A%2520%252B48%2520512%2520272%2520707%2522%257D%255D%22%7D%5D&#8221; col_xs=&#8221;2&#8243; col_sm=&#8221;2&#8243; col_md=&#8221;2&#8243; col_lg=&#8221;3&#8243; col_xl=&#8221;3&#8243;][\/vc_column][vc_column width=&#8221;1\/6&#8243;][\/vc_column][\/vc_row][vc_row css=&#8221;.vc_custom_1539839183837{padding-top: 110px !important;}&#8221; el_id=&#8221;blog&#8221;][vc_column css=&#8221;.vc_custom_1539828341536{padding-top: 0px !important;}&#8221;][ct_heading text=&#8221;<cite>News<\/cite>&#8221; align_lg=&#8221;align-center&#8221; align_md=&#8221;align-center-md&#8221; align_sm=&#8221;align-center-sm&#8221; align_xs=&#8221;align-center-xs&#8221; font_size_md=&#8221;36&#8243; font_size_sm=&#8221;32&#8243; font_size_xs=&#8221;32&#8243; font_weight=&#8221;&#8221; font_weight_sub=&#8221;&#8221;][vc_empty_space height=&#8221;42&#8243;][ct_blog_carousel col_xs=&#8221;1&#8243; col_sm=&#8221;2&#8243; col_md=&#8221;3&#8243; col_lg=&#8221;3&#8243; loop=&#8221;true&#8221;][\/vc_column][\/vc_row][vc_row][vc_column css=&#8221;.vc_custom_1540742879843{padding-top: 63px !important;padding-bottom: 114px !important;}&#8221;][ct_heading text=&#8221;<cite>Testimonials<\/cite>&#8221; align_lg=&#8221;align-center&#8221; align_md=&#8221;align-center-md&#8221; align_sm=&#8221;align-center-sm&#8221; align_xs=&#8221;align-center-xs&#8221; font_size_md=&#8221;36&#8243; font_size_sm=&#8221;32&#8243; font_size_xs=&#8221;32&#8243; font_weight=&#8221;&#8221; font_weight_sub=&#8221;&#8221;][\/vc_column][\/vc_row][vc_row full_width=&#8221;stretch_row&#8221; ct_row_class=&#8221;row-visible&#8221; bg_image_position=&#8221;bg-image-ps-center&#8221; css=&#8221;.vc_custom_1539829733736{background-image: url(https:\/\/demo.casethemes.net\/nimmo\/wp-content\/uploads\/2018\/10\/testi-bg-1.jpg?id=165) !important;background-position: center !important;background-repeat: no-repeat !important;background-size: cover !important;}&#8221;][vc_column width=&#8221;1\/12&#8243; css=&#8221;.vc_custom_1539829595822{padding-top: 0px !important;}&#8221;][\/vc_column][vc_column width=&#8221;5\/6&#8243; ct_column_class=&#8221;rm-padding-lg&#8221; css=&#8221;.vc_custom_1539829704793{margin-top: -78px !important;padding-top: 0px !important;padding-right: 40px !important;padding-bottom: 64px !important;padding-left: 40px !important;}&#8221;][ct_testimonial_carousel testimonial_item=&#8221;%5B%7B%22title%22%3A%22Urszula%20Ballan-Grabowska%22%2C%22position%22%3A%22Dyrektor%20Departamentu%20Zarz%C4%85dzania%20Kapita%C5%82em%20Ludzkim%2C%20Faktoria%22%2C%22content%22%3A%22Polecam%20wsp%C3%B3%C5%82prac%C4%99%20z%20Magd%C4%85%20i%20Joann%C4%85%20z%20Performance%20Quality.%20Pe%C5%82en%20profesjonalizm%20i%20prawdziwe%20partnerstwo%20w%20dostosowaniu%20rozwi%C4%85za%C5%84%20z%20dziedziny%20rozwoju%20lider%C3%B3w%20do%20naszych%20potrzeb.%22%2C%22image%22%3A%222390%22%7D%2C%7B%22title%22%3A%22Ewa%20G%C3%B3rska%22%2C%22position%22%3A%22Dyrektor%20Departamentu%20Pracownik%C3%B3w%2C%20Komunikacji%20i%20Zarz%C4%85dzania%20Biurem%2C%20EOS%22%2C%22content%22%3A%22Moja%20wsp%C3%B3%C5%82praca%20z%20Performance%20Quality%20jest%20bardzo%20satysfakcjonuj%C4%85ca%20%E2%80%93%20%20profesjonalne%20podej%C5%9Bcie%20do%20klienta%20i%20jednocze%C5%9Bnie%20indywidualne%20reagowanie%20na%20potrzeby%20klienta%20stanowi%20ich%20du%C5%BCy%20atut.%20%22%2C%22image%22%3A%222488%22%7D%2C%7B%22title%22%3A%22Inga%20Rey%22%2C%22position%22%3A%22Head%20of%20Talent%20and%20Career%20Management%2C%20Ringer%20Axel%20Springer%22%2C%22content%22%3A%22Bardzo%20doceniam%20wsp%C3%B3%C5%82prac%C4%99%20z%20Performance%20Quality%20i%20dost%C4%99p%20do%20fantastycznych%20narz%C4%99dzi%20rozwojowych%2C%20kt%C3%B3re%20oferuj%C4%85.%20%5Cn%5CnPrzede%20wszystkim%20warto%C5%9Bciowe%20jest%20dla%20mnie%20bie%C5%BC%C4%85ce%20wsparcie%2C%20jakie%20otrzymujemy%20%E2%80%93%20na%20ka%C5%BCdym%20etapie%20wsp%C3%B3%C5%82pracy%2C%20zar%C3%B3wno%20narz%C4%99dziowe%2C%20jak%20i%20merytoryczne.%22%2C%22image%22%3A%222489%22%7D%2C%7B%22title%22%3A%22Piotr%20Ciski%22%2C%22position%22%3A%22CEO%2C%20Symfonia%22%2C%22content%22%3A%22Rekomenduj%C4%99%20wsp%C3%B3%C5%82prac%C4%99%20z%20Performance%20Quality%20jako%20ekspertami%20w%20obszarze%20rozwoju%20przyw%C3%B3dztwa%20i%20wzmacniania%20wsp%C3%B3%C5%82pracy%20zespo%C5%82u%20zarz%C4%85dzaj%C4%85cego.%22%2C%22image%22%3A%222490%22%7D%2C%7B%22title%22%3A%22Aleksander%20Bik%22%2C%22position%22%3A%22Corporate%20HR%20Director%2C%20Atrium%22%2C%22content%22%3A%22Wsp%C3%B3%C5%82praca%20z%20Magd%C4%85%20i%20Joann%C4%85%20daje%20ci%20wsparcie%20prawdziwych%20partner%C3%B3w%20biznesowych%2C%20potrafi%C4%85cych%20zmapowa%C4%87%20meandry%20ludzkiej%20osobowo%C5%9Bci%20z%20potrzebami%20biznesowymi%20a%20co%20wi%C4%99cej%2C%20snu%C4%87%20na%20ten%20temat%20opowie%C5%9Bci.%20Pozornie%20trudne%20%C5%82%C4%85czenie%20tematu%20dyspozycji%20psychicznych%20i%20efektywno%C5%9Bci%20biznesowej%20%E2%80%93%20w%20wykonaniu%20tego%20duetu%20staj%C4%99%20si%C4%99%20przyjemnym%20spotkaniem%2C%20w%20trakcie%20kt%C3%B3rego%20otrzymujesz%20czytelne%20informacje.%20Dzi%C4%99kuj%C4%99%20Wam%20Dziewczyny!%22%2C%22image%22%3A%222512%22%7D%5D&#8221; col_xs=&#8221;1&#8243; col_sm=&#8221;1&#8243; col_md=&#8221;1&#8243; col_lg=&#8221;1&#8243; loop=&#8221;true&#8221; autoplay=&#8221;true&#8221; bullets=&#8221;true&#8221;][\/vc_column][vc_column width=&#8221;1\/12&#8243; css=&#8221;.vc_custom_1539829617518{padding-top: 0px !important;}&#8221;][\/vc_column][\/vc_row][vc_row full_width=&#8221;stretch_row&#8221; el_id=&#8221;contact&#8221;][vc_column css=&#8221;.vc_custom_1540527888195{padding-top: 120px !important;padding-bottom: 120px !important;}&#8221;][ct_client_carousel client_item=&#8221;%5B%7B%22image%22%3A%222306%22%2C%22link%22%3A%22url%3A%2523%7C%7C%7C%22%7D%2C%7B%22image%22%3A%222302%22%2C%22link%22%3A%22url%3A%2523%7C%7C%7C%22%7D%2C%7B%22image%22%3A%222305%22%2C%22link%22%3A%22url%3A%2523%7C%7C%7C%22%7D%2C%7B%22image%22%3A%222304%22%7D%2C%7B%22image%22%3A%222301%22%7D%2C%7B%22image%22%3A%222303%22%7D%2C%7B%22image%22%3A%222328%22%7D%2C%7B%22image%22%3A%222330%22%7D%2C%7B%22image%22%3A%222329%22%7D%2C%7B%22image%22%3A%222331%22%7D%2C%7B%22image%22%3A%222332%22%7D%2C%7B%22image%22%3A%222333%22%7D%2C%7B%22image%22%3A%222334%22%7D%2C%7B%22image%22%3A%222335%22%7D%2C%7B%22image%22%3A%222336%22%7D%2C%7B%22image%22%3A%222337%22%7D%2C%7B%22image%22%3A%222338%22%7D%2C%7B%22image%22%3A%222339%22%7D%5D&#8221; col_xs=&#8221;2&#8243; col_sm=&#8221;2&#8243; col_md=&#8221;3&#8243; col_lg=&#8221;5&#8243; loop=&#8221;true&#8221; autoplay=&#8221;true&#8221;][\/vc_column][\/vc_row][vc_row full_width=&#8221;stretch_row_content_no_spaces&#8221;][vc_column css=&#8221;.vc_custom_1539832139526{padding-top: 0px !important;}&#8221;][vc_gmaps link=&#8221;#E-8_JTNDaWZyYW1lJTIwc3JjJTNEJTIyaHR0cHMlM0ElMkYlMkZ3d3cuZ29vZ2xlLmNvbSUyRm1hcHMlMkZlbWJlZCUzRnBiJTNEJTIxMW0xOCUyMTFtMTIlMjExbTMlMjExZDYxMC45NzIxNDE0NzMxNzU4JTIxMmQyMS4wMTE1NDc3ODgxMzUzOTUlMjEzZDUyLjIyNzI0MjMyMDE5NzQ1JTIxMm0zJTIxMWYwJTIxMmYwJTIxM2YwJTIxM20yJTIxMWkxMDI0JTIxMmk3NjglMjE0ZjEzLjElMjEzbTMlMjExbTIlMjExczB4NDcxZWNjZjIxMzM0MDJhMyUyNTNBMHhhYzE2MWM2ZTIwN2U0MmI2JTIxMnNQZXJmb3JtYW5jZSUyNTIwUXVhbGl0eSUyNTIwU3AuJTI1MjB6JTI1MjBvLm8uJTIxNWUwJTIxM20yJTIxMXNwbCUyMTJzcGwlMjE0djE2ODAwMDY4OTYxMjYlMjE1bTIlMjExc3BsJTIxMnNwbCUyMiUyMHdpZHRoJTNEJTIyNjAwJTIyJTIwaGVpZ2h0JTNEJTIyNDUwJTIyJTIwc3R5bGUlM0QlMjJib3JkZXIlM0EwJTNCJTIyJTIwYWxsb3dmdWxsc2NyZWVuJTNEJTIyJTIyJTIwbG9hZGluZyUzRCUyMmxhenklMjIlMjByZWZlcnJlcnBvbGljeSUzRCUyMm5vLXJlZmVycmVyLXdoZW4tZG93bmdyYWRlJTIyJTNFJTNDJTJGaWZyYW1lJTNF&#8221; size=&#8221;400&#8243; css=&#8221;.vc_custom_1680006915211{margin-bottom: 0px !important;}&#8221;][\/vc_column][\/vc_row]<\/p>\n<\/section>","protected":false},"excerpt":{"rendered":"<p>[vc_row][vc_column ct_column_class=&#8221;rm-padding-md&#8221; css=&#8221;.vc_custom_1730115785076{padding-top: 0px !important;padding-right: 0px !important;}&#8221; offset=&#8221;vc_col-lg-12 vc_col-md-12&#8243;][ct_space space_lg=&#8221;112&#8243; space_md=&#8221;60&#8243; space_sm=&#8221;60&#8243; space_xs=&#8221;60&#8243;][ct_heading text=&#8221;Jeste\u015bmy zaufanymi doradcami w obszarze&#8221; font_size_md=&#8221;36&#8243; font_size_sm=&#8221;32&#8243; font_size_xs=&#8221;32&#8243; font_weight=&#8221;&#8221; subtitle_color=&#8221;#8c6aff&#8221; font_weight_sub=&#8221;&#8221; typingout=&#8221;&#8220;Blokad Liderskich\u00a9&#8220;, &#8220;Psychometrii&#8220;, &#8220;Bezpiecze\u0144stwa Psychologicznego&#8220;, &#8220;Modelu HEXACO&#8220;&#8221;][vc_row_inner][vc_column_inner ct_column_inner_class=&#8221;rm-padding-lg&#8221; css=&#8221;.vc_custom_1539746736177{padding-top: 30px !important;padding-right: 55px !important;}&#8221;][vc_column_text]We are a consulting company that was founded with the aim of providing high-end support to our clients in [&hellip;]<\/p>\n","protected":false},"author":2,"featured_media":0,"parent":0,"menu_order":0,"comment_status":"closed","ping_status":"closed","template":"","meta":{"footnotes":""},"class_list":["post-3044","page","type-page","status-publish","hentry"],"_links":{"self":[{"href":"https:\/\/performancequality.pl\/en\/wp-json\/wp\/v2\/pages\/3044","targetHints":{"allow":["GET"]}}],"collection":[{"href":"https:\/\/performancequality.pl\/en\/wp-json\/wp\/v2\/pages"}],"about":[{"href":"https:\/\/performancequality.pl\/en\/wp-json\/wp\/v2\/types\/page"}],"author":[{"embeddable":true,"href":"https:\/\/performancequality.pl\/en\/wp-json\/wp\/v2\/users\/2"}],"replies":[{"embeddable":true,"href":"https:\/\/performancequality.pl\/en\/wp-json\/wp\/v2\/comments?post=3044"}],"version-history":[{"count":14,"href":"https:\/\/performancequality.pl\/en\/wp-json\/wp\/v2\/pages\/3044\/revisions"}],"predecessor-version":[{"id":3182,"href":"https:\/\/performancequality.pl\/en\/wp-json\/wp\/v2\/pages\/3044\/revisions\/3182"}],"wp:attachment":[{"href":"https:\/\/performancequality.pl\/en\/wp-json\/wp\/v2\/media?parent=3044"}],"curies":[{"name":"wp","href":"https:\/\/api.w.org\/{rel}","templated":true}]}}